{"id":12,"date":"2024-07-04T21:29:36","date_gmt":"2024-07-04T21:29:36","guid":{"rendered":"https:\/\/tiskreelamud.ee\/korterid\/?page_id=12"},"modified":"2025-11-04T17:44:36","modified_gmt":"2025-11-04T17:44:36","slug":"tiskre_elamud","status":"publish","type":"page","link":"https:\/\/tiskreelamud.ee\/korterid\/","title":{"rendered":"Tiskre korterid"},"content":{"rendered":"","protected":false},"excerpt":{"rendered":"","protected":false},"author":1,"featured_media":967,"parent":0,"menu_order":0,"comment_status":"closed","ping_status":"closed","template":"Front-page.php","meta":{"_acf_changed":false,"footnotes":""},"class_list":["post-12","page","type-page","status-publish","has-post-thumbnail","hentry"],"acf":[],"yoast_head":"<!-- This site is optimized with the Yoast SEO plugin v27.5 - https:\/\/yoast.com\/product\/yoast-seo-wordpress\/ -->\n<title>Kodu, mis hoolib homsest | Perekorterid | Uusarendus TISKRES<\/title>\n<meta name=\"description\" content=\"A-energiaklass - energias\u00e4\u00e4stlik kodu madalate k\u00fcttekuludega. Maak\u00fcte ja p\u00e4ikesepaneelid. | Tiskre Korterid | Tiskre Elamud\" \/>\n<meta name=\"robots\" content=\"index, follow, max-snippet:-1, max-image-preview:large, max-video-preview:-1\" \/>\n<link rel=\"canonical\" href=\"https:\/\/tiskreelamud.ee\/korterid\/\" \/>\n<meta property=\"og:locale\" content=\"et_EE\" \/>\n<meta property=\"og:type\" content=\"article\" \/>\n<meta property=\"og:title\" content=\"Kodu, mis hoolib homsest | Perekorterid | Uusarendus TISKRES\" \/>\n<meta property=\"og:description\" content=\"A-energiaklass - energias\u00e4\u00e4stlik kodu madalate k\u00fcttekuludega. Maak\u00fcte ja p\u00e4ikesepaneelid. | Tiskre Korterid | Tiskre Elamud\" \/>\n<meta property=\"og:url\" content=\"https:\/\/tiskreelamud.ee\/korterid\/\" \/>\n<meta property=\"og:site_name\" content=\"Tiskre Korterid\" \/>\n<meta property=\"article:modified_time\" content=\"2025-11-04T17:44:36+00:00\" \/>\n<meta property=\"og:image\" content=\"https:\/\/tiskreelamud.ee\/korterid\/wp-content\/uploads\/2025\/09\/tiskre-korterid-hoovist.jpg\" \/>\n\t<meta property=\"og:image:width\" content=\"2040\" \/>\n\t<meta property=\"og:image:height\" content=\"1148\" \/>\n\t<meta property=\"og:image:type\" content=\"image\/jpeg\" \/>\n<meta name=\"twitter:card\" content=\"summary_large_image\" \/>\n<meta name=\"twitter:label1\" content=\"Est. reading time\" \/>\n\t<meta name=\"twitter:data1\" content=\"1 minut\" \/>\n<script type=\"application\/ld+json\" class=\"yoast-schema-graph\">{\"@context\":\"https:\\\/\\\/schema.org\",\"@graph\":[{\"@type\":\"WebPage\",\"@id\":\"https:\\\/\\\/tiskreelamud.ee\\\/korterid\\\/\",\"url\":\"https:\\\/\\\/tiskreelamud.ee\\\/korterid\\\/\",\"name\":\"Kodu, mis hoolib homsest | Perekorterid | Uusarendus TISKRES\",\"isPartOf\":{\"@id\":\"https:\\\/\\\/tiskreelamud.ee\\\/korterid\\\/#website\"},\"primaryImageOfPage\":{\"@id\":\"https:\\\/\\\/tiskreelamud.ee\\\/korterid\\\/#primaryimage\"},\"image\":{\"@id\":\"https:\\\/\\\/tiskreelamud.ee\\\/korterid\\\/#primaryimage\"},\"thumbnailUrl\":\"https:\\\/\\\/tiskreelamud.ee\\\/korterid\\\/wp-content\\\/uploads\\\/2025\\\/09\\\/tiskre-korterid-hoovist.jpg\",\"datePublished\":\"2024-07-04T21:29:36+00:00\",\"dateModified\":\"2025-11-04T17:44:36+00:00\",\"description\":\"A-energiaklass - energias\u00e4\u00e4stlik kodu madalate k\u00fcttekuludega. Maak\u00fcte ja p\u00e4ikesepaneelid. | Tiskre Korterid | Tiskre Elamud\",\"breadcrumb\":{\"@id\":\"https:\\\/\\\/tiskreelamud.ee\\\/korterid\\\/#breadcrumb\"},\"inLanguage\":\"et\",\"potentialAction\":[{\"@type\":\"ReadAction\",\"target\":[\"https:\\\/\\\/tiskreelamud.ee\\\/korterid\\\/\"]}]},{\"@type\":\"ImageObject\",\"inLanguage\":\"et\",\"@id\":\"https:\\\/\\\/tiskreelamud.ee\\\/korterid\\\/#primaryimage\",\"url\":\"https:\\\/\\\/tiskreelamud.ee\\\/korterid\\\/wp-content\\\/uploads\\\/2025\\\/09\\\/tiskre-korterid-hoovist.jpg\",\"contentUrl\":\"https:\\\/\\\/tiskreelamud.ee\\\/korterid\\\/wp-content\\\/uploads\\\/2025\\\/09\\\/tiskre-korterid-hoovist.jpg\",\"width\":2040,\"height\":1148,\"caption\":\"Tiskre korterid hoovist\"},{\"@type\":\"BreadcrumbList\",\"@id\":\"https:\\\/\\\/tiskreelamud.ee\\\/korterid\\\/#breadcrumb\",\"itemListElement\":[{\"@type\":\"ListItem\",\"position\":1,\"name\":\"Home\",\"item\":\"https:\\\/\\\/tiskreelamud.ee\\\/korterid\\\/\"},{\"@type\":\"ListItem\",\"position\":2,\"name\":\"Tiskre korterid\"}]},{\"@type\":\"WebSite\",\"@id\":\"https:\\\/\\\/tiskreelamud.ee\\\/korterid\\\/#website\",\"url\":\"https:\\\/\\\/tiskreelamud.ee\\\/korterid\\\/\",\"name\":\"TISKRE ELAMUD\",\"description\":\"Kodu, mis hoolib homsest\",\"publisher\":{\"@id\":\"https:\\\/\\\/tiskreelamud.ee\\\/korterid\\\/#organization\"},\"potentialAction\":[{\"@type\":\"SearchAction\",\"target\":{\"@type\":\"EntryPoint\",\"urlTemplate\":\"https:\\\/\\\/tiskreelamud.ee\\\/korterid\\\/?s={search_term_string}\"},\"query-input\":{\"@type\":\"PropertyValueSpecification\",\"valueRequired\":true,\"valueName\":\"search_term_string\"}}],\"inLanguage\":\"et\"},{\"@type\":\"Organization\",\"@id\":\"https:\\\/\\\/tiskreelamud.ee\\\/korterid\\\/#organization\",\"name\":\"TISKRE ELAMUD\",\"alternateName\":\"tiskreelamud.ee\",\"url\":\"https:\\\/\\\/tiskreelamud.ee\\\/korterid\\\/\",\"logo\":{\"@type\":\"ImageObject\",\"inLanguage\":\"et\",\"@id\":\"https:\\\/\\\/tiskreelamud.ee\\\/korterid\\\/#\\\/schema\\\/logo\\\/image\\\/\",\"url\":\"https:\\\/\\\/tiskreelamud.ee\\\/korterid\\\/wp-content\\\/uploads\\\/2025\\\/09\\\/tiskre-elamud-icon.png\",\"contentUrl\":\"https:\\\/\\\/tiskreelamud.ee\\\/korterid\\\/wp-content\\\/uploads\\\/2025\\\/09\\\/tiskre-elamud-icon.png\",\"width\":375,\"height\":375,\"caption\":\"TISKRE ELAMUD\"},\"image\":{\"@id\":\"https:\\\/\\\/tiskreelamud.ee\\\/korterid\\\/#\\\/schema\\\/logo\\\/image\\\/\"}}]}<\/script>\n<!-- \/ Yoast SEO plugin. -->","yoast_head_json":{"title":"Kodu, mis hoolib homsest | Perekorterid | Uusarendus TISKRES","description":"A-energiaklass - energias\u00e4\u00e4stlik kodu madalate k\u00fcttekuludega. Maak\u00fcte ja p\u00e4ikesepaneelid. | Tiskre Korterid | Tiskre Elamud","robots":{"index":"index","follow":"follow","max-snippet":"max-snippet:-1","max-image-preview":"max-image-preview:large","max-video-preview":"max-video-preview:-1"},"canonical":"https:\/\/tiskreelamud.ee\/korterid\/","og_locale":"et_EE","og_type":"article","og_title":"Kodu, mis hoolib homsest | Perekorterid | Uusarendus TISKRES","og_description":"A-energiaklass - energias\u00e4\u00e4stlik kodu madalate k\u00fcttekuludega. Maak\u00fcte ja p\u00e4ikesepaneelid. | Tiskre Korterid | Tiskre Elamud","og_url":"https:\/\/tiskreelamud.ee\/korterid\/","og_site_name":"Tiskre Korterid","article_modified_time":"2025-11-04T17:44:36+00:00","og_image":[{"width":2040,"height":1148,"url":"https:\/\/tiskreelamud.ee\/korterid\/wp-content\/uploads\/2025\/09\/tiskre-korterid-hoovist.jpg","type":"image\/jpeg"}],"twitter_card":"summary_large_image","twitter_misc":{"Est. reading time":"1 minut"},"schema":{"@context":"https:\/\/schema.org","@graph":[{"@type":"WebPage","@id":"https:\/\/tiskreelamud.ee\/korterid\/","url":"https:\/\/tiskreelamud.ee\/korterid\/","name":"Kodu, mis hoolib homsest | Perekorterid | Uusarendus TISKRES","isPartOf":{"@id":"https:\/\/tiskreelamud.ee\/korterid\/#website"},"primaryImageOfPage":{"@id":"https:\/\/tiskreelamud.ee\/korterid\/#primaryimage"},"image":{"@id":"https:\/\/tiskreelamud.ee\/korterid\/#primaryimage"},"thumbnailUrl":"https:\/\/tiskreelamud.ee\/korterid\/wp-content\/uploads\/2025\/09\/tiskre-korterid-hoovist.jpg","datePublished":"2024-07-04T21:29:36+00:00","dateModified":"2025-11-04T17:44:36+00:00","description":"A-energiaklass - energias\u00e4\u00e4stlik kodu madalate k\u00fcttekuludega. Maak\u00fcte ja p\u00e4ikesepaneelid. | Tiskre Korterid | Tiskre Elamud","breadcrumb":{"@id":"https:\/\/tiskreelamud.ee\/korterid\/#breadcrumb"},"inLanguage":"et","potentialAction":[{"@type":"ReadAction","target":["https:\/\/tiskreelamud.ee\/korterid\/"]}]},{"@type":"ImageObject","inLanguage":"et","@id":"https:\/\/tiskreelamud.ee\/korterid\/#primaryimage","url":"https:\/\/tiskreelamud.ee\/korterid\/wp-content\/uploads\/2025\/09\/tiskre-korterid-hoovist.jpg","contentUrl":"https:\/\/tiskreelamud.ee\/korterid\/wp-content\/uploads\/2025\/09\/tiskre-korterid-hoovist.jpg","width":2040,"height":1148,"caption":"Tiskre korterid hoovist"},{"@type":"BreadcrumbList","@id":"https:\/\/tiskreelamud.ee\/korterid\/#breadcrumb","itemListElement":[{"@type":"ListItem","position":1,"name":"Home","item":"https:\/\/tiskreelamud.ee\/korterid\/"},{"@type":"ListItem","position":2,"name":"Tiskre korterid"}]},{"@type":"WebSite","@id":"https:\/\/tiskreelamud.ee\/korterid\/#website","url":"https:\/\/tiskreelamud.ee\/korterid\/","name":"TISKRE ELAMUD","description":"Kodu, mis hoolib homsest","publisher":{"@id":"https:\/\/tiskreelamud.ee\/korterid\/#organization"},"potentialAction":[{"@type":"SearchAction","target":{"@type":"EntryPoint","urlTemplate":"https:\/\/tiskreelamud.ee\/korterid\/?s={search_term_string}"},"query-input":{"@type":"PropertyValueSpecification","valueRequired":true,"valueName":"search_term_string"}}],"inLanguage":"et"},{"@type":"Organization","@id":"https:\/\/tiskreelamud.ee\/korterid\/#organization","name":"TISKRE ELAMUD","alternateName":"tiskreelamud.ee","url":"https:\/\/tiskreelamud.ee\/korterid\/","logo":{"@type":"ImageObject","inLanguage":"et","@id":"https:\/\/tiskreelamud.ee\/korterid\/#\/schema\/logo\/image\/","url":"https:\/\/tiskreelamud.ee\/korterid\/wp-content\/uploads\/2025\/09\/tiskre-elamud-icon.png","contentUrl":"https:\/\/tiskreelamud.ee\/korterid\/wp-content\/uploads\/2025\/09\/tiskre-elamud-icon.png","width":375,"height":375,"caption":"TISKRE ELAMUD"},"image":{"@id":"https:\/\/tiskreelamud.ee\/korterid\/#\/schema\/logo\/image\/"}}]}},"_links":{"self":[{"href":"https:\/\/tiskreelamud.ee\/korterid\/wp-json\/wp\/v2\/pages\/12","targetHints":{"allow":["GET"]}}],"collection":[{"href":"https:\/\/tiskreelamud.ee\/korterid\/wp-json\/wp\/v2\/pages"}],"about":[{"href":"https:\/\/tiskreelamud.ee\/korterid\/wp-json\/wp\/v2\/types\/page"}],"author":[{"embeddable":true,"href":"https:\/\/tiskreelamud.ee\/korterid\/wp-json\/wp\/v2\/users\/1"}],"replies":[{"embeddable":true,"href":"https:\/\/tiskreelamud.ee\/korterid\/wp-json\/wp\/v2\/comments?post=12"}],"version-history":[{"count":104,"href":"https:\/\/tiskreelamud.ee\/korterid\/wp-json\/wp\/v2\/pages\/12\/revisions"}],"predecessor-version":[{"id":1258,"href":"https:\/\/tiskreelamud.ee\/korterid\/wp-json\/wp\/v2\/pages\/12\/revisions\/1258"}],"wp:featuredmedia":[{"embeddable":true,"href":"https:\/\/tiskreelamud.ee\/korterid\/wp-json\/wp\/v2\/media\/967"}],"wp:attachment":[{"href":"https:\/\/tiskreelamud.ee\/korterid\/wp-json\/wp\/v2\/media?parent=12"}],"curies":[{"name":"wp","href":"https:\/\/api.w.org\/{rel}","templated":true}]}}