{"id":1282,"date":"2025-11-06T20:01:18","date_gmt":"2025-11-06T20:01:18","guid":{"rendered":"https:\/\/tiskreelamud.ee\/korterid\/?page_id=1282"},"modified":"2026-01-08T11:59:37","modified_gmt":"2026-01-08T11:59:37","slug":"muugitingimused","status":"publish","type":"page","link":"https:\/\/tiskreelamud.ee\/korterid\/muugitingimused\/","title":{"rendered":"M\u00fc\u00fcgitingimused"},"content":{"rendered":"<h3><strong>Kortermajad T\u00f5rvalille tn 2 ja T\u00f5rvalille tn 8 <\/strong>Tiskre, Harku vald, Harjumaa<\/h3>\n<p>Korteriomandi omandamine toimub kolmes etapis:<\/p>\n<ol>\n<li><strong> Broneerimine\u00a0<\/strong><\/li>\n<\/ol>\n<p>Korteri broneerimiseks tuleb ostuhuvilisel v\u00f5tta m\u00fc\u00fcgijuhiga \u00fchendust e-posti teel. M\u00fc\u00fcgijuht kinnitab broneeringuavalduse k\u00e4ttesaamise kirjalikult ning edastab seej\u00e4rel broneerimiskokkuleppe s\u00f5lmimiseks vajaliku broneerimislepingu.\u00a0Broneering j\u00f5ustub p\u00e4rast broneerimiskokkuleppe allkirjastamist ja broneerimistasu tasumist summas <strong>3 000 eurot<\/strong>, mis arvestatakse korteriomandi m\u00fc\u00fcgihinna sisse.<\/p>\n<ol start=\"2\">\n<li><strong> V\u00f5la\u00f5iguslik ostu-m\u00fc\u00fcgileping<\/strong><\/li>\n<\/ol>\n<p>Hiljemalt <strong>45 (neljak\u00fcmne viie) p\u00e4eva<\/strong> jooksul alates broneerimiskokkuleppe allkirjastamisest s\u00f5lmitakse notariaalselt t\u00f5estatud v\u00f5la\u00f5iguslik korteriomandi ostu-m\u00fc\u00fcgileping. Lepingu s\u00f5lmimisel tasub ostja <strong>10% korteriomandi kogumaksumusest<\/strong>, millest arvatakse maha tasutud broneerimistasu.<\/p>\n<ol start=\"3\">\n<li><strong> Asja\u00f5iguslik\u00a0ostu-m\u00fc\u00fcgileping<\/strong><\/li>\n<\/ol>\n<p>P\u00e4rast hoone ja korteri valmimist s\u00f5lmitakse notariaalselt t\u00f5estatud asja\u00f5iguslik ostu-m\u00fc\u00fcgileping. Asja\u00f5igusliku lepingu s\u00f5lmimisel tasub ostja \u00fclej\u00e4\u00e4nud ostusumma ning omandab korteriomandi.\u00a0K\u00f5ik ostu-m\u00fc\u00fcgitehingutega seotud notaritasud ja riigil\u00f5ivud tasub ostja.<\/p>\n<p>_____________<\/p>\n<h3><strong>Lepingu hinnas sisaldub<\/strong><\/h3>\n<p>Lepingu hind sisaldab j\u00e4rgmist:<\/p>\n<ul>\n<li>hoone, korteri ja kinnistu l\u00f5plik valmidus vastavalt kehtivale projektdokumentatsioonile ja siseviimistlustabelile, sealhulgas vannitoa sanitaartehnika;<\/li>\n<li>korteri siseviimistlus vastavalt ostja valitud baaspaketile \u201eHelge tasakaal\u201c v\u00f5i \u201eP\u00f5hjamaa rahu\u201c<\/li>\n<li>siseviimistluspakett \u201e\u00d6ine siluett\u201c on lisatasu eest, k\u00fcsi infot m\u00fc\u00fcgijuhilt;<\/li>\n<li>tehnov\u00f5rkude (elektri-, vee- ja kanalisatsioonitrasside) rajamise ning nendega liitumise tasud;<\/li>\n<li>panipaiga ja parkimiskoha(de) maksumus.<\/li>\n<\/ul>\n<p><strong>____________<\/strong><\/p>\n<h3><strong>Lepingu hinnas ei sisaldu<\/strong><\/h3>\n<p>Lepingu hind ei sisalda:<\/p>\n<ul>\n<li>ostu-m\u00fc\u00fcgilepingu s\u00f5lmimisega seotud notaritasusid ja riigil\u00f5ive;<\/li>\n<li>liitumistasusid telefoniside-, andmeside-, kaabeltelevisiooni- ja valvesignalisatsiooniv\u00f5rkudega.<\/li>\n<\/ul>\n<p>______________<\/p>\n<h3><strong>Ehitusgarantii<\/strong><\/h3>\n<p>Ehitaja teostab garantiit\u00f6\u00f6d kahe (2) aasta jooksul alates hoone valmimisest. V\u00f5imalusel viiakse garantiit\u00f6\u00f6d l\u00e4bi kogu hoones samaaegselt.<\/p>\n<p>Vead, mis takistavad hoone v\u00f5i korteri tavap\u00e4rast kasutamist, k\u00f5rvaldatakse esimesel v\u00f5imalusel p\u00e4rast nende ilmnemist.<\/p>\n<p>_____________<\/p>\n<h3><strong>T\u00e4helepanu!<\/strong><\/h3>\n<ul>\n<li>Arendajal on \u00f5igus muuta m\u00fc\u00fcmata korterite, panipaikade ja parkimiskohtade plaane ning m\u00fc\u00fcgihindu.<\/li>\n<li>Arendajal on \u00f5igus t\u00e4iendada v\u00f5i muuta m\u00fc\u00fcgitingimusi personaalse m\u00fc\u00fcgipakkumise koostamisel.<\/li>\n<li>Kodulehel ja siseviimistluspakettides esitatud pildid ning graafilised materjalid on illustratiivsed ega pruugi vastata konkreetsele korteriomandile.<\/li>\n<li>Arendajal on \u00f5igus muuta siseviimistluspakettides kasutatavaid tooteid ja materjale, asendades need samav\u00e4\u00e4rsete toodete ja materjalidega.<\/li>\n<\/ul>\n","protected":false},"excerpt":{"rendered":"<p>Kortermajad T\u00f5rvalille tn 2 ja T\u00f5rvalille tn 8 Tiskre, Harku vald, Harjumaa Korteriomandi omandamine toimub kolmes etapis: Broneerimine\u00a0 Korteri broneerimiseks tuleb ostuhuvilisel v\u00f5tta m\u00fc\u00fcgijuhiga \u00fchendust e-posti teel. M\u00fc\u00fcgijuht kinnitab broneeringuavalduse k\u00e4ttesaamise kirjalikult ning edastab seej\u00e4rel broneerimiskokkuleppe s\u00f5lmimiseks vajaliku broneerimislepingu.\u00a0Broneering j\u00f5ustub p\u00e4rast broneerimiskokkuleppe allkirjastamist ja broneerimistasu tasumist summas 3 000 eurot, mis arvestatakse korteriomandi m\u00fc\u00fcgihinna sisse. [&hellip;]<\/p>\n","protected":false},"author":1,"featured_media":0,"parent":0,"menu_order":0,"comment_status":"closed","ping_status":"closed","template":"","meta":{"_acf_changed":false,"footnotes":""},"class_list":["post-1282","page","type-page","status-publish","hentry"],"acf":[],"yoast_head":"<!-- This site is optimized with the Yoast SEO plugin v27.5 - https:\/\/yoast.com\/product\/yoast-seo-wordpress\/ -->\n<title>M\u00fc\u00fcgitingimused | Tiskre Korterid<\/title>\n<meta name=\"description\" content=\"Kortermajad T\u00f5rvalille tn 2 ja T\u00f5rvalille tn 8 Tiskre, Harku vald, Harjumaa m\u00fc\u00fcgitingimused (muugitingimused). www.tiskreelamud.ee\" \/>\n<meta name=\"robots\" content=\"index, follow, max-snippet:-1, max-image-preview:large, max-video-preview:-1\" \/>\n<link rel=\"canonical\" href=\"https:\/\/tiskreelamud.ee\/korterid\/muugitingimused\/\" \/>\n<meta property=\"og:locale\" content=\"et_EE\" \/>\n<meta property=\"og:type\" content=\"article\" \/>\n<meta property=\"og:title\" content=\"M\u00fc\u00fcgitingimused | Tiskre Korterid\" \/>\n<meta property=\"og:description\" content=\"Kortermajad T\u00f5rvalille tn 2 ja T\u00f5rvalille tn 8 Tiskre, Harku vald, Harjumaa m\u00fc\u00fcgitingimused (muugitingimused). www.tiskreelamud.ee\" \/>\n<meta property=\"og:url\" content=\"https:\/\/tiskreelamud.ee\/korterid\/muugitingimused\/\" \/>\n<meta property=\"og:site_name\" content=\"Tiskre Korterid\" \/>\n<meta property=\"article:modified_time\" content=\"2026-01-08T11:59:37+00:00\" \/>\n<meta name=\"twitter:card\" content=\"summary_large_image\" \/>\n<meta name=\"twitter:label1\" content=\"Est. reading time\" \/>\n\t<meta name=\"twitter:data1\" content=\"2 minutit\" \/>\n<script type=\"application\/ld+json\" class=\"yoast-schema-graph\">{\"@context\":\"https:\\\/\\\/schema.org\",\"@graph\":[{\"@type\":\"WebPage\",\"@id\":\"https:\\\/\\\/tiskreelamud.ee\\\/korterid\\\/muugitingimused\\\/\",\"url\":\"https:\\\/\\\/tiskreelamud.ee\\\/korterid\\\/muugitingimused\\\/\",\"name\":\"M\u00fc\u00fcgitingimused | Tiskre Korterid\",\"isPartOf\":{\"@id\":\"https:\\\/\\\/tiskreelamud.ee\\\/korterid\\\/#website\"},\"datePublished\":\"2025-11-06T20:01:18+00:00\",\"dateModified\":\"2026-01-08T11:59:37+00:00\",\"description\":\"Kortermajad T\u00f5rvalille tn 2 ja T\u00f5rvalille tn 8 Tiskre, Harku vald, Harjumaa m\u00fc\u00fcgitingimused (muugitingimused). www.tiskreelamud.ee\",\"breadcrumb\":{\"@id\":\"https:\\\/\\\/tiskreelamud.ee\\\/korterid\\\/muugitingimused\\\/#breadcrumb\"},\"inLanguage\":\"et\",\"potentialAction\":[{\"@type\":\"ReadAction\",\"target\":[\"https:\\\/\\\/tiskreelamud.ee\\\/korterid\\\/muugitingimused\\\/\"]}]},{\"@type\":\"BreadcrumbList\",\"@id\":\"https:\\\/\\\/tiskreelamud.ee\\\/korterid\\\/muugitingimused\\\/#breadcrumb\",\"itemListElement\":[{\"@type\":\"ListItem\",\"position\":1,\"name\":\"Home\",\"item\":\"https:\\\/\\\/tiskreelamud.ee\\\/korterid\\\/\"},{\"@type\":\"ListItem\",\"position\":2,\"name\":\"M\u00fc\u00fcgitingimused\"}]},{\"@type\":\"WebSite\",\"@id\":\"https:\\\/\\\/tiskreelamud.ee\\\/korterid\\\/#website\",\"url\":\"https:\\\/\\\/tiskreelamud.ee\\\/korterid\\\/\",\"name\":\"TISKRE ELAMUD\",\"description\":\"Kodu, mis hoolib homsest\",\"publisher\":{\"@id\":\"https:\\\/\\\/tiskreelamud.ee\\\/korterid\\\/#organization\"},\"potentialAction\":[{\"@type\":\"SearchAction\",\"target\":{\"@type\":\"EntryPoint\",\"urlTemplate\":\"https:\\\/\\\/tiskreelamud.ee\\\/korterid\\\/?s={search_term_string}\"},\"query-input\":{\"@type\":\"PropertyValueSpecification\",\"valueRequired\":true,\"valueName\":\"search_term_string\"}}],\"inLanguage\":\"et\"},{\"@type\":\"Organization\",\"@id\":\"https:\\\/\\\/tiskreelamud.ee\\\/korterid\\\/#organization\",\"name\":\"TISKRE ELAMUD\",\"alternateName\":\"tiskreelamud.ee\",\"url\":\"https:\\\/\\\/tiskreelamud.ee\\\/korterid\\\/\",\"logo\":{\"@type\":\"ImageObject\",\"inLanguage\":\"et\",\"@id\":\"https:\\\/\\\/tiskreelamud.ee\\\/korterid\\\/#\\\/schema\\\/logo\\\/image\\\/\",\"url\":\"https:\\\/\\\/tiskreelamud.ee\\\/korterid\\\/wp-content\\\/uploads\\\/2025\\\/09\\\/tiskre-elamud-icon.png\",\"contentUrl\":\"https:\\\/\\\/tiskreelamud.ee\\\/korterid\\\/wp-content\\\/uploads\\\/2025\\\/09\\\/tiskre-elamud-icon.png\",\"width\":375,\"height\":375,\"caption\":\"TISKRE ELAMUD\"},\"image\":{\"@id\":\"https:\\\/\\\/tiskreelamud.ee\\\/korterid\\\/#\\\/schema\\\/logo\\\/image\\\/\"}}]}<\/script>\n<!-- \/ Yoast SEO plugin. -->","yoast_head_json":{"title":"M\u00fc\u00fcgitingimused | Tiskre Korterid","description":"Kortermajad T\u00f5rvalille tn 2 ja T\u00f5rvalille tn 8 Tiskre, Harku vald, Harjumaa m\u00fc\u00fcgitingimused (muugitingimused). www.tiskreelamud.ee","robots":{"index":"index","follow":"follow","max-snippet":"max-snippet:-1","max-image-preview":"max-image-preview:large","max-video-preview":"max-video-preview:-1"},"canonical":"https:\/\/tiskreelamud.ee\/korterid\/muugitingimused\/","og_locale":"et_EE","og_type":"article","og_title":"M\u00fc\u00fcgitingimused | Tiskre Korterid","og_description":"Kortermajad T\u00f5rvalille tn 2 ja T\u00f5rvalille tn 8 Tiskre, Harku vald, Harjumaa m\u00fc\u00fcgitingimused (muugitingimused). www.tiskreelamud.ee","og_url":"https:\/\/tiskreelamud.ee\/korterid\/muugitingimused\/","og_site_name":"Tiskre Korterid","article_modified_time":"2026-01-08T11:59:37+00:00","twitter_card":"summary_large_image","twitter_misc":{"Est. reading time":"2 minutit"},"schema":{"@context":"https:\/\/schema.org","@graph":[{"@type":"WebPage","@id":"https:\/\/tiskreelamud.ee\/korterid\/muugitingimused\/","url":"https:\/\/tiskreelamud.ee\/korterid\/muugitingimused\/","name":"M\u00fc\u00fcgitingimused | Tiskre Korterid","isPartOf":{"@id":"https:\/\/tiskreelamud.ee\/korterid\/#website"},"datePublished":"2025-11-06T20:01:18+00:00","dateModified":"2026-01-08T11:59:37+00:00","description":"Kortermajad T\u00f5rvalille tn 2 ja T\u00f5rvalille tn 8 Tiskre, Harku vald, Harjumaa m\u00fc\u00fcgitingimused (muugitingimused). www.tiskreelamud.ee","breadcrumb":{"@id":"https:\/\/tiskreelamud.ee\/korterid\/muugitingimused\/#breadcrumb"},"inLanguage":"et","potentialAction":[{"@type":"ReadAction","target":["https:\/\/tiskreelamud.ee\/korterid\/muugitingimused\/"]}]},{"@type":"BreadcrumbList","@id":"https:\/\/tiskreelamud.ee\/korterid\/muugitingimused\/#breadcrumb","itemListElement":[{"@type":"ListItem","position":1,"name":"Home","item":"https:\/\/tiskreelamud.ee\/korterid\/"},{"@type":"ListItem","position":2,"name":"M\u00fc\u00fcgitingimused"}]},{"@type":"WebSite","@id":"https:\/\/tiskreelamud.ee\/korterid\/#website","url":"https:\/\/tiskreelamud.ee\/korterid\/","name":"TISKRE ELAMUD","description":"Kodu, mis hoolib homsest","publisher":{"@id":"https:\/\/tiskreelamud.ee\/korterid\/#organization"},"potentialAction":[{"@type":"SearchAction","target":{"@type":"EntryPoint","urlTemplate":"https:\/\/tiskreelamud.ee\/korterid\/?s={search_term_string}"},"query-input":{"@type":"PropertyValueSpecification","valueRequired":true,"valueName":"search_term_string"}}],"inLanguage":"et"},{"@type":"Organization","@id":"https:\/\/tiskreelamud.ee\/korterid\/#organization","name":"TISKRE ELAMUD","alternateName":"tiskreelamud.ee","url":"https:\/\/tiskreelamud.ee\/korterid\/","logo":{"@type":"ImageObject","inLanguage":"et","@id":"https:\/\/tiskreelamud.ee\/korterid\/#\/schema\/logo\/image\/","url":"https:\/\/tiskreelamud.ee\/korterid\/wp-content\/uploads\/2025\/09\/tiskre-elamud-icon.png","contentUrl":"https:\/\/tiskreelamud.ee\/korterid\/wp-content\/uploads\/2025\/09\/tiskre-elamud-icon.png","width":375,"height":375,"caption":"TISKRE ELAMUD"},"image":{"@id":"https:\/\/tiskreelamud.ee\/korterid\/#\/schema\/logo\/image\/"}}]}},"_links":{"self":[{"href":"https:\/\/tiskreelamud.ee\/korterid\/wp-json\/wp\/v2\/pages\/1282","targetHints":{"allow":["GET"]}}],"collection":[{"href":"https:\/\/tiskreelamud.ee\/korterid\/wp-json\/wp\/v2\/pages"}],"about":[{"href":"https:\/\/tiskreelamud.ee\/korterid\/wp-json\/wp\/v2\/types\/page"}],"author":[{"embeddable":true,"href":"https:\/\/tiskreelamud.ee\/korterid\/wp-json\/wp\/v2\/users\/1"}],"replies":[{"embeddable":true,"href":"https:\/\/tiskreelamud.ee\/korterid\/wp-json\/wp\/v2\/comments?post=1282"}],"version-history":[{"count":5,"href":"https:\/\/tiskreelamud.ee\/korterid\/wp-json\/wp\/v2\/pages\/1282\/revisions"}],"predecessor-version":[{"id":1354,"href":"https:\/\/tiskreelamud.ee\/korterid\/wp-json\/wp\/v2\/pages\/1282\/revisions\/1354"}],"wp:attachment":[{"href":"https:\/\/tiskreelamud.ee\/korterid\/wp-json\/wp\/v2\/media?parent=1282"}],"curies":[{"name":"wp","href":"https:\/\/api.w.org\/{rel}","templated":true}]}}