{"id":1284,"date":"2025-11-06T20:02:40","date_gmt":"2025-11-06T20:02:40","guid":{"rendered":"https:\/\/tiskreelamud.ee\/korterid\/?page_id=1284"},"modified":"2025-12-16T15:48:45","modified_gmt":"2025-12-16T15:48:45","slug":"tehniline-info","status":"publish","type":"page","link":"https:\/\/tiskreelamud.ee\/korterid\/tehniline-info\/","title":{"rendered":"Tehniline info"},"content":{"rendered":"<h3><strong>Kortermajad T\u00f5rvalille tn 2 ja 8, Tiskre, Harku vald, Harjumaa<\/strong><\/h3>\n<p>Tiskreelamud uusarenduse kaks kortermaja on identsed \u2013 2-korruselised kuue korteriga kortermajad, kus on kaks 3-toalist ja neli 4-toalist korterit.<\/p>\n<p><strong>Korterid:<\/strong><\/p>\n<ul>\n<li>krt nr 1 \/ 1. korrus \/ 4 tuba \/ 96,4 m2 \/ terrass 21,5 m2<\/li>\n<li>krt nr 2 \/ 1. korrus \/ 4 tuba \/ 91,1 m2 \/ terrass 37 m2<\/li>\n<li>krt nr 3 \/ 1. korrus \/ 4 tuba \/ 96,4 m2 \/ terrass 21,5 m2<\/li>\n<li>krt nr 4 \/ 2. korrus \/ 3 tuba \/ 79,1 m2 \/ r\u00f5du 17 m2<\/li>\n<li>krt nr 5 \/ 2. korrus \/ 4 tuba \/ 85,3 m2 \/ r\u00f5du 25,7 m2<\/li>\n<li>krt nr 6 \/ 2. korrus \/ 3 tuba \/ 79,1 m2 \/ r\u00f5du 17 m2<\/li>\n<\/ul>\n<p><strong>Parkimiskohad<\/strong><\/p>\n<p>Parkimine on ette n\u00e4htud kinnistu siseselt, iga kortermaja juures on 12 parkimiskohta, igale korterile 2 kohta.<\/p>\n<p><strong>Panipaigad<\/strong><\/p>\n<p>K\u00f5igi kortermajade 1-korrusel on igale korterile m\u00e4\u00e4ratud panipaiga ruum.<\/p>\n<p><strong>Madalad \u00fclalpidamiskulud<\/strong>, mille tagavad katusel olevad p\u00e4ikesepaneelid ja maak\u00fcte, mille tulemusena on kortermajadel arvutustel p\u00f5hinev A-energiaklass.<\/p>\n<p>________________<\/p>\n<h3><strong>Kortermajade k\u00fcttelahendus, ventilatsioon, veevarustus ja kanalisatsioon<\/strong><\/h3>\n<p><strong>K\u00fcttelahendus<\/strong><\/p>\n<p>Kortermaja soojusallikaks on maak\u00fcte. Hoone varustatakse vesip\u00f5randak\u00fctte s\u00fcsteemiga. P\u00f5randak\u00fctte soojusandvuse reguleerimine toimub korteri p\u00f5hiselt igas toas individuaalselt termoregulaatorite abil.<\/p>\n<p><strong>P\u00e4ikesepaneelid<\/strong><\/p>\n<p>Hooned on varustatud p\u00e4ikesepaneelidega, paneelid paiknevad hoone katusel. P\u00e4ikesepaneelide koguv\u00f5imsuse on \u00a09kw. P\u00e4ikesepaneelide kaldenurk 15 kraadi ja suund kagusse.<\/p>\n<p><strong>Ventilatsioon<\/strong><\/p>\n<p>K\u00f5igi majade korteritesse on ette n\u00e4htud korterip\u00f5hine soojustagastusega ventilatsiooniagregaat. V\u00e4rske \u00f5hk puhutakse elutubadesse sissepuhkeplafoonide abil. V\u00e4ljat\u00f5mme santehnilistest ruumidest ja k\u00f6\u00f6gist.<\/p>\n<p><strong>Veevarustus ja kanalisatsioon<\/strong><\/p>\n<p>Igal korteril on eraldi kaugloetavad m\u00f5\u00f5tjad nii k\u00fclma kui ka sooja vee jaoks. Kogu tarbevesi saadakse Strantum O\u00dc trassist ning soojendatakse maja enda soojas\u00f5lmes. Hoonesse rajatakse olmereovee-kanalisatsioon.<\/p>\n<p>___________________<\/p>\n<h3><strong>Kortermajade konstruktsioonilised ja tehnilised lahendused<\/strong><\/h3>\n<p><strong>Vundament<\/strong><\/p>\n<p>Hooned on projekteeritud madalvundamendile.<\/p>\n<p><strong>Kandekonstruktsioonid<\/strong><\/p>\n<p>Hoonete kandeskeleti moodustavad monteeritavad \u00fchekihilised ja kolmekihilised raudbetoonist seinapaneelid. Vahelaed monteeritakse raudbetoon \u00f5\u00f5nespaneelidest, katuslaed monteeritakse samuti raudbetoon \u00f5\u00f5nespaneelidest.<\/p>\n<p><strong>Katus\/katuslagi<\/strong><\/p>\n<p>Katuslaed tehakse raudbetoon \u00f5\u00f5nespaneelidest. Paneelide peale paigaldada aurut\u00f5ke, p\u00f5hisoojustus EPS60 300 mm, PVC katusekate. Katuste katteplekid valmistatakse tsingitud ja v\u00e4rvitud plekist paksusega 0.6 mm. V\u00e4rvitoon ja kuju vastavalt iga maja arhitektuursele osale.<\/p>\n<p><strong>Hoonete v\u00e4lisseinad<\/strong><\/p>\n<p>K\u00f5ik kortermajade v\u00e4lis- ja kandvad seinad on monteeritavatest betoonpaneelidest. V\u00e4lisseinad on soojustatud kolmekihilistest betoonpaneelidest (raudbetoon v\u00e4liskiht 80mm, soojustus EPS60 silver 200mm, raudbetoon sisekiht 140mm).<\/p>\n<p>Fassaad, osaliselt v\u00e4rvitud sile betoon valge, osaliselt v\u00e4rvitud maatritspinnaviimistlusega betoonpind, toon vastavalt hoone arhitektuursele lahendusele.<\/p>\n<p><strong>Korterite vahelised seinad<\/strong><\/p>\n<p>Korterite vahelised ja kandvad seinad on projekteeritud 220mm monteeritavatest betoonpaneelidest.<\/p>\n<p><strong>Korterite siseseinad<\/strong><\/p>\n<p>Korterite sisemised mittekandvad seinad on etten\u00e4htud metallkarkassil kipsseintena kogupaksusega 92mm (1x kipsplaat, metallkarkass 66mm, mille vahel min.vill ning seej\u00e4rel 1x kipsplaat).\u00a0 K\u00f6\u00f6giossa kipsplaadi taha paigaldatakse tugevduseks OSB. Siseseinad viimistletakse vastavalt ruumide vajadusele\/otstarbele ning sisekujunduspaketile.<\/p>\n<p><strong>Vahelaed<\/strong><\/p>\n<p>Vahelagedeks on eelpingestatud \u00f5\u00f5nespaneelid paksusega 220mm. Vahelaele paigaldatakse sammum\u00fcra t\u00f5kestamiseks j\u00e4ik vill 30mm ning selle peale 80mm betooni kiht ning p\u00f5randakate.<\/p>\n<p><strong>Trepid<\/strong><\/p>\n<p>Hoones ei ole sisetreppe.<\/p>\n<p>V\u00e4line trepp on etten\u00e4htud monteeritavate betoonelementidena. V\u00e4litreppide piirdeks on etten\u00e4htud vertikaalne metallpiire, millele paigaldatakse k\u00e4sipuu k\u00f5rgusega 900mm trepi mademe k\u00f5rgemast kohast m\u00f5\u00f5detuna.<\/p>\n<p><strong>R\u00f5dud<\/strong><\/p>\n<p>Hoonete r\u00f5dud rajatakse \u00f5\u00f5nespaneelidele, soojustatakse 200mm PIR soojustusplaatidega, mis tasandatakse betoonist tasanduskihiga ja kaetakse pvc r\u00f5du kattega.<\/p>\n<p><strong>Terrassid<\/strong><\/p>\n<p>Kortermajade I korruse terrassid ehitatakse pruuni tooniga s\u00fcgavimmutatud terrassilaudadest.<\/p>\n<p>_______________<\/p>\n<h3><strong>Korterite viimistlus<\/strong><\/h3>\n<p>Korterite seina ja lae pinnad tasandatakse, pahteldatakse ja v\u00e4rvitakse.\u00a0San.ruumide seintele paigaldatakse keraamiline plaat. San.ruumide lakke paigaldatakse ripplagi.\u00a0Korterite p\u00f5randakatteks on valdavalt parkettp\u00f5rand, san.ruumide ja esikute p\u00f5randakatteks keraamiline plaat.\u00a0Korterite lagede k\u00f5rgus on ~2,8 meetrit ilma ripplaeta osas. Ripplaega osas k\u00f5rgus ~2,5m.<\/p>\n<p><strong>Aknad<\/strong><\/p>\n<p>3x klaaspakett PVC raamiga aknad, v\u00e4ljast tumehallid ja seest valge, argoon t\u00e4idisega, klaas kirgas. K\u00e4epidemed valged. Akende soojuspidavus &#8211; Uw=0,9 (W\/m2*K).<\/p>\n<p><strong>Siseuksed <\/strong><\/p>\n<p>Korterite siseuksed vastavalt siseviimistluse paketile<strong>.<\/strong> Saunauksed on puidust k\u00e4epidemega l\u00e4bipaistvad klaasuksed.<\/p>\n<p><strong>V\u00e4lisuksed<\/strong><\/p>\n<p>Korterite v\u00e4lisuksed on puituksed. V\u00e4lisukse lukustus \u2013 Assa v\u00f5i samav\u00e4\u00e4rne.<\/p>\n<p><strong>Elektripaigaldis<\/strong><\/p>\n<p>Sanitaarruumide ja esikute kipsist ripplagedesse on paigaldatud s\u00fcvistatud LED-valgustid. Tubades on\u00a0 valgustite kaabeldus, valgustid tarnib ja paigaldab korteri tulevane omanik.<\/p>\n<p>________________<\/p>\n<h3><strong>Muud lahendused<\/strong><\/h3>\n<p><strong>Kastmisvees\u00fcsteem<\/strong><\/p>\n<p>Hoonete perimeetrile paigaldatakse \u00fcldkasutatav kastmiskraan (\u00fcldvesi).<\/p>\n<p><strong>Elektriautode laadimise v\u00f5imalus<\/strong><\/p>\n<p>Elektriautode laadimiseks on tehtud valmidus. Laadijaid ei ole paigaldatud.<\/p>\n<p><strong>Piirded ja v\u00e4ravad<\/strong><\/p>\n<p>Vastavalt detailplaneeringuga on piirete rajamine kinnistutele keelatud. V\u00e4ravaid ei ole ette n\u00e4htud.<\/p>\n","protected":false},"excerpt":{"rendered":"<p>Kortermajad T\u00f5rvalille tn 2 ja 8, Tiskre, Harku vald, Harjumaa Tiskreelamud uusarenduse kaks kortermaja on identsed \u2013 2-korruselised kuue korteriga kortermajad, kus on kaks 3-toalist ja neli 4-toalist korterit. Korterid: krt nr 1 \/ 1. korrus \/ 4 tuba \/ 96,4 m2 \/ terrass 21,5 m2 krt nr 2 \/ 1. korrus \/ 4 tuba [&hellip;]<\/p>\n","protected":false},"author":1,"featured_media":0,"parent":0,"menu_order":0,"comment_status":"closed","ping_status":"closed","template":"","meta":{"_acf_changed":false,"footnotes":""},"class_list":["post-1284","page","type-page","status-publish","hentry"],"acf":[],"yoast_head":"<!-- This site is optimized with the Yoast SEO plugin v27.5 - https:\/\/yoast.com\/product\/yoast-seo-wordpress\/ -->\n<title>Tehniline info | Tiskre Korterid<\/title>\n<meta name=\"description\" content=\"Kortermajade T\u00f5rvalille 2 ja T\u00f5rvalille 8 uute korterite tehnilised tingimused. Uusarendus Tiskres, Tiskreelamud.\" \/>\n<meta name=\"robots\" content=\"index, follow, max-snippet:-1, max-image-preview:large, max-video-preview:-1\" \/>\n<link rel=\"canonical\" href=\"https:\/\/tiskreelamud.ee\/korterid\/tehniline-info\/\" \/>\n<meta property=\"og:locale\" content=\"et_EE\" \/>\n<meta property=\"og:type\" content=\"article\" \/>\n<meta property=\"og:title\" content=\"Tehniline info | Tiskre Korterid\" \/>\n<meta property=\"og:description\" content=\"Kortermajade T\u00f5rvalille 2 ja T\u00f5rvalille 8 uute korterite tehnilised tingimused. Uusarendus Tiskres, Tiskreelamud.\" \/>\n<meta property=\"og:url\" content=\"https:\/\/tiskreelamud.ee\/korterid\/tehniline-info\/\" \/>\n<meta property=\"og:site_name\" content=\"Tiskre Korterid\" \/>\n<meta property=\"article:modified_time\" content=\"2025-12-16T15:48:45+00:00\" \/>\n<meta name=\"twitter:card\" content=\"summary_large_image\" \/>\n<meta name=\"twitter:label1\" content=\"Est. reading time\" \/>\n\t<meta name=\"twitter:data1\" content=\"4 minutit\" \/>\n<script type=\"application\/ld+json\" class=\"yoast-schema-graph\">{\"@context\":\"https:\\\/\\\/schema.org\",\"@graph\":[{\"@type\":\"WebPage\",\"@id\":\"https:\\\/\\\/tiskreelamud.ee\\\/korterid\\\/tehniline-info\\\/\",\"url\":\"https:\\\/\\\/tiskreelamud.ee\\\/korterid\\\/tehniline-info\\\/\",\"name\":\"Tehniline info | Tiskre Korterid\",\"isPartOf\":{\"@id\":\"https:\\\/\\\/tiskreelamud.ee\\\/korterid\\\/#website\"},\"datePublished\":\"2025-11-06T20:02:40+00:00\",\"dateModified\":\"2025-12-16T15:48:45+00:00\",\"description\":\"Kortermajade T\u00f5rvalille 2 ja T\u00f5rvalille 8 uute korterite tehnilised tingimused. Uusarendus Tiskres, Tiskreelamud.\",\"breadcrumb\":{\"@id\":\"https:\\\/\\\/tiskreelamud.ee\\\/korterid\\\/tehniline-info\\\/#breadcrumb\"},\"inLanguage\":\"et\",\"potentialAction\":[{\"@type\":\"ReadAction\",\"target\":[\"https:\\\/\\\/tiskreelamud.ee\\\/korterid\\\/tehniline-info\\\/\"]}]},{\"@type\":\"BreadcrumbList\",\"@id\":\"https:\\\/\\\/tiskreelamud.ee\\\/korterid\\\/tehniline-info\\\/#breadcrumb\",\"itemListElement\":[{\"@type\":\"ListItem\",\"position\":1,\"name\":\"Home\",\"item\":\"https:\\\/\\\/tiskreelamud.ee\\\/korterid\\\/\"},{\"@type\":\"ListItem\",\"position\":2,\"name\":\"Tehniline info\"}]},{\"@type\":\"WebSite\",\"@id\":\"https:\\\/\\\/tiskreelamud.ee\\\/korterid\\\/#website\",\"url\":\"https:\\\/\\\/tiskreelamud.ee\\\/korterid\\\/\",\"name\":\"TISKRE ELAMUD\",\"description\":\"Kodu, mis hoolib homsest\",\"publisher\":{\"@id\":\"https:\\\/\\\/tiskreelamud.ee\\\/korterid\\\/#organization\"},\"potentialAction\":[{\"@type\":\"SearchAction\",\"target\":{\"@type\":\"EntryPoint\",\"urlTemplate\":\"https:\\\/\\\/tiskreelamud.ee\\\/korterid\\\/?s={search_term_string}\"},\"query-input\":{\"@type\":\"PropertyValueSpecification\",\"valueRequired\":true,\"valueName\":\"search_term_string\"}}],\"inLanguage\":\"et\"},{\"@type\":\"Organization\",\"@id\":\"https:\\\/\\\/tiskreelamud.ee\\\/korterid\\\/#organization\",\"name\":\"TISKRE ELAMUD\",\"alternateName\":\"tiskreelamud.ee\",\"url\":\"https:\\\/\\\/tiskreelamud.ee\\\/korterid\\\/\",\"logo\":{\"@type\":\"ImageObject\",\"inLanguage\":\"et\",\"@id\":\"https:\\\/\\\/tiskreelamud.ee\\\/korterid\\\/#\\\/schema\\\/logo\\\/image\\\/\",\"url\":\"https:\\\/\\\/tiskreelamud.ee\\\/korterid\\\/wp-content\\\/uploads\\\/2025\\\/09\\\/tiskre-elamud-icon.png\",\"contentUrl\":\"https:\\\/\\\/tiskreelamud.ee\\\/korterid\\\/wp-content\\\/uploads\\\/2025\\\/09\\\/tiskre-elamud-icon.png\",\"width\":375,\"height\":375,\"caption\":\"TISKRE ELAMUD\"},\"image\":{\"@id\":\"https:\\\/\\\/tiskreelamud.ee\\\/korterid\\\/#\\\/schema\\\/logo\\\/image\\\/\"}}]}<\/script>\n<!-- \/ Yoast SEO plugin. -->","yoast_head_json":{"title":"Tehniline info | Tiskre Korterid","description":"Kortermajade T\u00f5rvalille 2 ja T\u00f5rvalille 8 uute korterite tehnilised tingimused. Uusarendus Tiskres, Tiskreelamud.","robots":{"index":"index","follow":"follow","max-snippet":"max-snippet:-1","max-image-preview":"max-image-preview:large","max-video-preview":"max-video-preview:-1"},"canonical":"https:\/\/tiskreelamud.ee\/korterid\/tehniline-info\/","og_locale":"et_EE","og_type":"article","og_title":"Tehniline info | Tiskre Korterid","og_description":"Kortermajade T\u00f5rvalille 2 ja T\u00f5rvalille 8 uute korterite tehnilised tingimused. Uusarendus Tiskres, Tiskreelamud.","og_url":"https:\/\/tiskreelamud.ee\/korterid\/tehniline-info\/","og_site_name":"Tiskre Korterid","article_modified_time":"2025-12-16T15:48:45+00:00","twitter_card":"summary_large_image","twitter_misc":{"Est. reading time":"4 minutit"},"schema":{"@context":"https:\/\/schema.org","@graph":[{"@type":"WebPage","@id":"https:\/\/tiskreelamud.ee\/korterid\/tehniline-info\/","url":"https:\/\/tiskreelamud.ee\/korterid\/tehniline-info\/","name":"Tehniline info | Tiskre Korterid","isPartOf":{"@id":"https:\/\/tiskreelamud.ee\/korterid\/#website"},"datePublished":"2025-11-06T20:02:40+00:00","dateModified":"2025-12-16T15:48:45+00:00","description":"Kortermajade T\u00f5rvalille 2 ja T\u00f5rvalille 8 uute korterite tehnilised tingimused. Uusarendus Tiskres, Tiskreelamud.","breadcrumb":{"@id":"https:\/\/tiskreelamud.ee\/korterid\/tehniline-info\/#breadcrumb"},"inLanguage":"et","potentialAction":[{"@type":"ReadAction","target":["https:\/\/tiskreelamud.ee\/korterid\/tehniline-info\/"]}]},{"@type":"BreadcrumbList","@id":"https:\/\/tiskreelamud.ee\/korterid\/tehniline-info\/#breadcrumb","itemListElement":[{"@type":"ListItem","position":1,"name":"Home","item":"https:\/\/tiskreelamud.ee\/korterid\/"},{"@type":"ListItem","position":2,"name":"Tehniline info"}]},{"@type":"WebSite","@id":"https:\/\/tiskreelamud.ee\/korterid\/#website","url":"https:\/\/tiskreelamud.ee\/korterid\/","name":"TISKRE ELAMUD","description":"Kodu, mis hoolib homsest","publisher":{"@id":"https:\/\/tiskreelamud.ee\/korterid\/#organization"},"potentialAction":[{"@type":"SearchAction","target":{"@type":"EntryPoint","urlTemplate":"https:\/\/tiskreelamud.ee\/korterid\/?s={search_term_string}"},"query-input":{"@type":"PropertyValueSpecification","valueRequired":true,"valueName":"search_term_string"}}],"inLanguage":"et"},{"@type":"Organization","@id":"https:\/\/tiskreelamud.ee\/korterid\/#organization","name":"TISKRE ELAMUD","alternateName":"tiskreelamud.ee","url":"https:\/\/tiskreelamud.ee\/korterid\/","logo":{"@type":"ImageObject","inLanguage":"et","@id":"https:\/\/tiskreelamud.ee\/korterid\/#\/schema\/logo\/image\/","url":"https:\/\/tiskreelamud.ee\/korterid\/wp-content\/uploads\/2025\/09\/tiskre-elamud-icon.png","contentUrl":"https:\/\/tiskreelamud.ee\/korterid\/wp-content\/uploads\/2025\/09\/tiskre-elamud-icon.png","width":375,"height":375,"caption":"TISKRE ELAMUD"},"image":{"@id":"https:\/\/tiskreelamud.ee\/korterid\/#\/schema\/logo\/image\/"}}]}},"_links":{"self":[{"href":"https:\/\/tiskreelamud.ee\/korterid\/wp-json\/wp\/v2\/pages\/1284","targetHints":{"allow":["GET"]}}],"collection":[{"href":"https:\/\/tiskreelamud.ee\/korterid\/wp-json\/wp\/v2\/pages"}],"about":[{"href":"https:\/\/tiskreelamud.ee\/korterid\/wp-json\/wp\/v2\/types\/page"}],"author":[{"embeddable":true,"href":"https:\/\/tiskreelamud.ee\/korterid\/wp-json\/wp\/v2\/users\/1"}],"replies":[{"embeddable":true,"href":"https:\/\/tiskreelamud.ee\/korterid\/wp-json\/wp\/v2\/comments?post=1284"}],"version-history":[{"count":7,"href":"https:\/\/tiskreelamud.ee\/korterid\/wp-json\/wp\/v2\/pages\/1284\/revisions"}],"predecessor-version":[{"id":1330,"href":"https:\/\/tiskreelamud.ee\/korterid\/wp-json\/wp\/v2\/pages\/1284\/revisions\/1330"}],"wp:attachment":[{"href":"https:\/\/tiskreelamud.ee\/korterid\/wp-json\/wp\/v2\/media?parent=1284"}],"curies":[{"name":"wp","href":"https:\/\/api.w.org\/{rel}","templated":true}]}}