{"id":490,"date":"2025-03-28T13:12:35","date_gmt":"2025-03-28T13:12:35","guid":{"rendered":"https:\/\/tiskreelamud.ee\/korterid\/?page_id=490"},"modified":"2026-02-03T09:46:44","modified_gmt":"2026-02-03T09:46:44","slug":"hinnakiri","status":"publish","type":"page","link":"https:\/\/tiskreelamud.ee\/korterid\/hinnakiri\/","title":{"rendered":"Hinnakiri"},"content":{"rendered":"<h2 id=\"torvalille-8\" style=\"padding-top: 200px;\">T\u00f5rvalille tn 8<\/h2>\n\n<table id=\"tablepress-2\" class=\"tablepress tablepress-id-2\">\n<thead>\n<tr class=\"row-1\">\n\t<th class=\"column-1\">Korter<\/th><th class=\"column-2\">Korrus<\/th><th class=\"column-3\">Tube<\/th><th class=\"column-4\">\u00dcldpind, m\u00b2<\/th><th class=\"column-5\">R\u00f5du, m\u00b2<\/th><th class=\"column-6\">Terrass, m\u00b2<\/th><th class=\"column-7\">Panipaik, m\u00b2<\/th><th class=\"column-8\">Saun<\/th><th class=\"column-9\">M\u00fc\u00fcgihind, \u20ac <\/th><td class=\"column-10\"><\/td>\n<\/tr>\n<\/thead>\n<tbody class=\"row-striping row-hover\">\n<tr class=\"row-2\">\n\t<td class=\"column-1\"><strong>1<\/strong><\/td><td class=\"column-2\">1<\/td><td class=\"column-3\">4<\/td><td class=\"column-4\">96,4<\/td><td class=\"column-5\">-<\/td><td class=\"column-6\">21,5 <\/td><td class=\"column-7\">1,6 <\/td><td class=\"column-8\">Jah<\/td><td class=\"column-9\"><b>332 500<\/b><\/td><td class=\"column-10\"><a href=\"https:\/\/tiskreelamud.ee\/korterid\/korterid\/korter-torvalille-tn-8-1\/\">Detailvaade<\/a><\/td>\n<\/tr>\n<tr class=\"row-3\">\n\t<td class=\"column-1\"><strong>2<\/strong><\/td><td class=\"column-2\">1<\/td><td class=\"column-3\">4<\/td><td class=\"column-4\">91,1<\/td><td class=\"column-5\">-<\/td><td class=\"column-6\">37<\/td><td class=\"column-7\">1,2<\/td><td class=\"column-8\">Jah<\/td><td class=\"column-9\"><b>319 500<\/b><\/td><td class=\"column-10\"><a href=\"https:\/\/tiskreelamud.ee\/korterid\/korterid\/korter-torvalille-tn-8-2\/\">Detailvaade<\/a><\/td>\n<\/tr>\n<tr class=\"row-4\">\n\t<td class=\"column-1\"><strong>3<\/strong><\/td><td class=\"column-2\">1<\/td><td class=\"column-3\">4<\/td><td class=\"column-4\">96,4<\/td><td class=\"column-5\">-<\/td><td class=\"column-6\">21,5<\/td><td class=\"column-7\">1,2<\/td><td class=\"column-8\">Jah<\/td><td class=\"column-9\"><b>332 500<\/b><\/td><td class=\"column-10\"><a href=\"https:\/\/tiskreelamud.ee\/korterid\/korterid\/korter-torvalille-tn-8-3\/\">Detailvaade<\/a><\/td>\n<\/tr>\n<tr class=\"row-5\">\n\t<td class=\"column-1\"><strong>4<\/strong><\/td><td class=\"column-2\">2<\/td><td class=\"column-3\">3<\/td><td class=\"column-4\">79,1<\/td><td class=\"column-5\">17<\/td><td class=\"column-6\">-<\/td><td class=\"column-7\">0,9<\/td><td class=\"column-8\">Jah<\/td><td class=\"column-9\"><b>289 500<\/b><\/td><td class=\"column-10\"><a href=\"https:\/\/tiskreelamud.ee\/korterid\/korterid\/korter-torvalille-tn-8-4\/\">Detailvaade<\/a><\/td>\n<\/tr>\n<tr class=\"row-6\">\n\t<td class=\"column-1\"><strong>5<\/strong><\/td><td class=\"column-2\">2<\/td><td class=\"column-3\">4<\/td><td class=\"column-4\">85,3<\/td><td class=\"column-5\">25,7<\/td><td class=\"column-6\">-<\/td><td class=\"column-7\">1,1<\/td><td class=\"column-8\">Jah<\/td><td class=\"column-9\"><b>299 500<\/b><\/td><td class=\"column-10\"><a href=\"https:\/\/tiskreelamud.ee\/korterid\/korterid\/korter-torvalille-tn-8-5\/\">Detailvaade<\/a><\/td>\n<\/tr>\n<tr class=\"row-7\">\n\t<td class=\"column-1\"><strong>6<\/strong><\/td><td class=\"column-2\">2<\/td><td class=\"column-3\">3<\/td><td class=\"column-4\">79,1<\/td><td class=\"column-5\">17<\/td><td class=\"column-6\">-<\/td><td class=\"column-7\">0,9<\/td><td class=\"column-8\">Jah<\/td><td class=\"column-9\"><b>289 500<\/b><\/td><td class=\"column-10\"><a href=\"https:\/\/tiskreelamud.ee\/korterid\/korterid\/korter-torvalille-tn-8-6\/\">Detailvaade<\/a><\/td>\n<\/tr>\n<\/tbody>\n<\/table>\n<!-- #tablepress-2 from cache -->\n<h2 id=\"torvalille-2\">T\u00f5rvalille tn 2<\/h2>\n\n<table id=\"tablepress-1\" class=\"tablepress tablepress-id-1\">\n<thead>\n<tr class=\"row-1\">\n\t<th class=\"column-1\">Korter<\/th><th class=\"column-2\">Korrus<\/th><th class=\"column-3\">Tube<\/th><th class=\"column-4\">\u00dcldpind, m\u00b2<\/th><th class=\"column-5\">R\u00f5du, m\u00b2<\/th><th class=\"column-6\">Terrass, m\u00b2<\/th><th class=\"column-7\">Panipaik, m\u00b2<\/th><th class=\"column-8\">Saun<\/th><th class=\"column-9\">M\u00fc\u00fcgihind, \u20ac <\/th>\n<\/tr>\n<\/thead>\n<tbody class=\"row-striping row-hover\">\n<tr class=\"row-2\">\n\t<td class=\"column-1\"><strong>1<\/strong><\/td><td class=\"column-2\">1<\/td><td class=\"column-3\">4<\/td><td class=\"column-4\">96,6<\/td><td class=\"column-5\">-<\/td><td class=\"column-6\">21,5<\/td><td class=\"column-7\">1,6<\/td><td class=\"column-8\">Jah<\/td><td class=\"column-9\"><b>Peagi m\u00fc\u00fcgis<\/b><\/td>\n<\/tr>\n<tr class=\"row-3\">\n\t<td class=\"column-1\"><strong>2<\/strong><\/td><td class=\"column-2\">1<\/td><td class=\"column-3\">4<\/td><td class=\"column-4\">91,1<\/td><td class=\"column-5\">-<\/td><td class=\"column-6\">37<\/td><td class=\"column-7\">1,2<\/td><td class=\"column-8\">Jah<\/td><td class=\"column-9\"><b>Peagi m\u00fc\u00fcgis<\/b><\/td>\n<\/tr>\n<tr class=\"row-4\">\n\t<td class=\"column-1\"><strong>3<\/strong><\/td><td class=\"column-2\">1<\/td><td class=\"column-3\">4<\/td><td class=\"column-4\">96,6<\/td><td class=\"column-5\">-<\/td><td class=\"column-6\">21,5<\/td><td class=\"column-7\">1,2<\/td><td class=\"column-8\">Jah<\/td><td class=\"column-9\"><b>Peagi m\u00fc\u00fcgis<\/b><\/td>\n<\/tr>\n<tr class=\"row-5\">\n\t<td class=\"column-1\"><strong>4<\/strong><\/td><td class=\"column-2\">2<\/td><td class=\"column-3\">3<\/td><td class=\"column-4\">79,3<\/td><td class=\"column-5\">17,1<\/td><td class=\"column-6\">-<\/td><td class=\"column-7\">0,9<\/td><td class=\"column-8\">Jah<\/td><td class=\"column-9\"><b>Peagi m\u00fc\u00fcgis<\/b><\/td>\n<\/tr>\n<tr class=\"row-6\">\n\t<td class=\"column-1\"><strong>5<\/strong><\/td><td class=\"column-2\">2<\/td><td class=\"column-3\">4<\/td><td class=\"column-4\">85,5<\/td><td class=\"column-5\">25,7<\/td><td class=\"column-6\">-<\/td><td class=\"column-7\">1,1<\/td><td class=\"column-8\">Jah<\/td><td class=\"column-9\"><b>Peagi m\u00fc\u00fcgis<\/b><\/td>\n<\/tr>\n<tr class=\"row-7\">\n\t<td class=\"column-1\"><strong>6<\/strong><\/td><td class=\"column-2\">2<\/td><td class=\"column-3\">3<\/td><td class=\"column-4\">79,3<\/td><td class=\"column-5\">17,1<\/td><td class=\"column-6\">-<\/td><td class=\"column-7\">0,9<\/td><td class=\"column-8\">Jah<\/td><td class=\"column-9\"><b>Peagi m\u00fc\u00fcgis<\/b><\/td>\n<\/tr>\n<\/tbody>\n<\/table>\n<!-- #tablepress-1 from cache -->\n<p>&nbsp;<\/p>\n","protected":false},"excerpt":{"rendered":"<p>T\u00f5rvalille tn 8 T\u00f5rvalille tn 2 &nbsp;<\/p>\n","protected":false},"author":1,"featured_media":0,"parent":0,"menu_order":0,"comment_status":"closed","ping_status":"closed","template":"price-list.php","meta":{"_acf_changed":false,"footnotes":""},"class_list":["post-490","page","type-page","status-publish","hentry"],"acf":[],"yoast_head":"<!-- This site is optimized with the Yoast SEO plugin v27.5 - https:\/\/yoast.com\/product\/yoast-seo-wordpress\/ -->\n<title>Hinnakiri | Tiskre Korterid<\/title>\n<meta name=\"description\" content=\"M\u00fc\u00fcgitabeli \u00fcldpinna arvestuses on elamispinna suurus ja panipaiga suurus. Arendajal on \u00f5igus m\u00fc\u00fcmata majaosade m\u00fc\u00fcgihindu korrigeerida.\" \/>\n<meta name=\"robots\" content=\"index, follow, max-snippet:-1, max-image-preview:large, max-video-preview:-1\" \/>\n<link rel=\"canonical\" href=\"https:\/\/tiskreelamud.ee\/korterid\/hinnakiri\/\" \/>\n<meta property=\"og:locale\" content=\"et_EE\" \/>\n<meta property=\"og:type\" content=\"article\" \/>\n<meta property=\"og:title\" content=\"Hinnakiri | Tiskre Korterid\" \/>\n<meta property=\"og:description\" content=\"M\u00fc\u00fcgitabeli \u00fcldpinna arvestuses on elamispinna suurus ja panipaiga suurus. Arendajal on \u00f5igus m\u00fc\u00fcmata majaosade m\u00fc\u00fcgihindu korrigeerida.\" \/>\n<meta property=\"og:url\" content=\"https:\/\/tiskreelamud.ee\/korterid\/hinnakiri\/\" \/>\n<meta property=\"og:site_name\" content=\"Tiskre Korterid\" \/>\n<meta property=\"article:modified_time\" content=\"2026-02-03T09:46:44+00:00\" \/>\n<meta name=\"twitter:card\" content=\"summary_large_image\" \/>\n<meta name=\"twitter:label1\" content=\"Est. reading time\" \/>\n\t<meta name=\"twitter:data1\" content=\"1 minut\" \/>\n<script type=\"application\/ld+json\" class=\"yoast-schema-graph\">{\"@context\":\"https:\\\/\\\/schema.org\",\"@graph\":[{\"@type\":\"WebPage\",\"@id\":\"https:\\\/\\\/tiskreelamud.ee\\\/korterid\\\/hinnakiri\\\/\",\"url\":\"https:\\\/\\\/tiskreelamud.ee\\\/korterid\\\/hinnakiri\\\/\",\"name\":\"Hinnakiri | Tiskre Korterid\",\"isPartOf\":{\"@id\":\"https:\\\/\\\/tiskreelamud.ee\\\/korterid\\\/#website\"},\"datePublished\":\"2025-03-28T13:12:35+00:00\",\"dateModified\":\"2026-02-03T09:46:44+00:00\",\"description\":\"M\u00fc\u00fcgitabeli \u00fcldpinna arvestuses on elamispinna suurus ja panipaiga suurus. Arendajal on \u00f5igus m\u00fc\u00fcmata majaosade m\u00fc\u00fcgihindu korrigeerida.\",\"breadcrumb\":{\"@id\":\"https:\\\/\\\/tiskreelamud.ee\\\/korterid\\\/hinnakiri\\\/#breadcrumb\"},\"inLanguage\":\"et\",\"potentialAction\":[{\"@type\":\"ReadAction\",\"target\":[\"https:\\\/\\\/tiskreelamud.ee\\\/korterid\\\/hinnakiri\\\/\"]}]},{\"@type\":\"BreadcrumbList\",\"@id\":\"https:\\\/\\\/tiskreelamud.ee\\\/korterid\\\/hinnakiri\\\/#breadcrumb\",\"itemListElement\":[{\"@type\":\"ListItem\",\"position\":1,\"name\":\"Home\",\"item\":\"https:\\\/\\\/tiskreelamud.ee\\\/korterid\\\/\"},{\"@type\":\"ListItem\",\"position\":2,\"name\":\"Hinnakiri\"}]},{\"@type\":\"WebSite\",\"@id\":\"https:\\\/\\\/tiskreelamud.ee\\\/korterid\\\/#website\",\"url\":\"https:\\\/\\\/tiskreelamud.ee\\\/korterid\\\/\",\"name\":\"TISKRE ELAMUD\",\"description\":\"Kodu, mis hoolib homsest\",\"publisher\":{\"@id\":\"https:\\\/\\\/tiskreelamud.ee\\\/korterid\\\/#organization\"},\"potentialAction\":[{\"@type\":\"SearchAction\",\"target\":{\"@type\":\"EntryPoint\",\"urlTemplate\":\"https:\\\/\\\/tiskreelamud.ee\\\/korterid\\\/?s={search_term_string}\"},\"query-input\":{\"@type\":\"PropertyValueSpecification\",\"valueRequired\":true,\"valueName\":\"search_term_string\"}}],\"inLanguage\":\"et\"},{\"@type\":\"Organization\",\"@id\":\"https:\\\/\\\/tiskreelamud.ee\\\/korterid\\\/#organization\",\"name\":\"TISKRE ELAMUD\",\"alternateName\":\"tiskreelamud.ee\",\"url\":\"https:\\\/\\\/tiskreelamud.ee\\\/korterid\\\/\",\"logo\":{\"@type\":\"ImageObject\",\"inLanguage\":\"et\",\"@id\":\"https:\\\/\\\/tiskreelamud.ee\\\/korterid\\\/#\\\/schema\\\/logo\\\/image\\\/\",\"url\":\"https:\\\/\\\/tiskreelamud.ee\\\/korterid\\\/wp-content\\\/uploads\\\/2025\\\/09\\\/tiskre-elamud-icon.png\",\"contentUrl\":\"https:\\\/\\\/tiskreelamud.ee\\\/korterid\\\/wp-content\\\/uploads\\\/2025\\\/09\\\/tiskre-elamud-icon.png\",\"width\":375,\"height\":375,\"caption\":\"TISKRE ELAMUD\"},\"image\":{\"@id\":\"https:\\\/\\\/tiskreelamud.ee\\\/korterid\\\/#\\\/schema\\\/logo\\\/image\\\/\"}}]}<\/script>\n<!-- \/ Yoast SEO plugin. -->","yoast_head_json":{"title":"Hinnakiri | Tiskre Korterid","description":"M\u00fc\u00fcgitabeli \u00fcldpinna arvestuses on elamispinna suurus ja panipaiga suurus. Arendajal on \u00f5igus m\u00fc\u00fcmata majaosade m\u00fc\u00fcgihindu korrigeerida.","robots":{"index":"index","follow":"follow","max-snippet":"max-snippet:-1","max-image-preview":"max-image-preview:large","max-video-preview":"max-video-preview:-1"},"canonical":"https:\/\/tiskreelamud.ee\/korterid\/hinnakiri\/","og_locale":"et_EE","og_type":"article","og_title":"Hinnakiri | Tiskre Korterid","og_description":"M\u00fc\u00fcgitabeli \u00fcldpinna arvestuses on elamispinna suurus ja panipaiga suurus. Arendajal on \u00f5igus m\u00fc\u00fcmata majaosade m\u00fc\u00fcgihindu korrigeerida.","og_url":"https:\/\/tiskreelamud.ee\/korterid\/hinnakiri\/","og_site_name":"Tiskre Korterid","article_modified_time":"2026-02-03T09:46:44+00:00","twitter_card":"summary_large_image","twitter_misc":{"Est. reading time":"1 minut"},"schema":{"@context":"https:\/\/schema.org","@graph":[{"@type":"WebPage","@id":"https:\/\/tiskreelamud.ee\/korterid\/hinnakiri\/","url":"https:\/\/tiskreelamud.ee\/korterid\/hinnakiri\/","name":"Hinnakiri | Tiskre Korterid","isPartOf":{"@id":"https:\/\/tiskreelamud.ee\/korterid\/#website"},"datePublished":"2025-03-28T13:12:35+00:00","dateModified":"2026-02-03T09:46:44+00:00","description":"M\u00fc\u00fcgitabeli \u00fcldpinna arvestuses on elamispinna suurus ja panipaiga suurus. Arendajal on \u00f5igus m\u00fc\u00fcmata majaosade m\u00fc\u00fcgihindu korrigeerida.","breadcrumb":{"@id":"https:\/\/tiskreelamud.ee\/korterid\/hinnakiri\/#breadcrumb"},"inLanguage":"et","potentialAction":[{"@type":"ReadAction","target":["https:\/\/tiskreelamud.ee\/korterid\/hinnakiri\/"]}]},{"@type":"BreadcrumbList","@id":"https:\/\/tiskreelamud.ee\/korterid\/hinnakiri\/#breadcrumb","itemListElement":[{"@type":"ListItem","position":1,"name":"Home","item":"https:\/\/tiskreelamud.ee\/korterid\/"},{"@type":"ListItem","position":2,"name":"Hinnakiri"}]},{"@type":"WebSite","@id":"https:\/\/tiskreelamud.ee\/korterid\/#website","url":"https:\/\/tiskreelamud.ee\/korterid\/","name":"TISKRE ELAMUD","description":"Kodu, mis hoolib homsest","publisher":{"@id":"https:\/\/tiskreelamud.ee\/korterid\/#organization"},"potentialAction":[{"@type":"SearchAction","target":{"@type":"EntryPoint","urlTemplate":"https:\/\/tiskreelamud.ee\/korterid\/?s={search_term_string}"},"query-input":{"@type":"PropertyValueSpecification","valueRequired":true,"valueName":"search_term_string"}}],"inLanguage":"et"},{"@type":"Organization","@id":"https:\/\/tiskreelamud.ee\/korterid\/#organization","name":"TISKRE ELAMUD","alternateName":"tiskreelamud.ee","url":"https:\/\/tiskreelamud.ee\/korterid\/","logo":{"@type":"ImageObject","inLanguage":"et","@id":"https:\/\/tiskreelamud.ee\/korterid\/#\/schema\/logo\/image\/","url":"https:\/\/tiskreelamud.ee\/korterid\/wp-content\/uploads\/2025\/09\/tiskre-elamud-icon.png","contentUrl":"https:\/\/tiskreelamud.ee\/korterid\/wp-content\/uploads\/2025\/09\/tiskre-elamud-icon.png","width":375,"height":375,"caption":"TISKRE ELAMUD"},"image":{"@id":"https:\/\/tiskreelamud.ee\/korterid\/#\/schema\/logo\/image\/"}}]}},"_links":{"self":[{"href":"https:\/\/tiskreelamud.ee\/korterid\/wp-json\/wp\/v2\/pages\/490","targetHints":{"allow":["GET"]}}],"collection":[{"href":"https:\/\/tiskreelamud.ee\/korterid\/wp-json\/wp\/v2\/pages"}],"about":[{"href":"https:\/\/tiskreelamud.ee\/korterid\/wp-json\/wp\/v2\/types\/page"}],"author":[{"embeddable":true,"href":"https:\/\/tiskreelamud.ee\/korterid\/wp-json\/wp\/v2\/users\/1"}],"replies":[{"embeddable":true,"href":"https:\/\/tiskreelamud.ee\/korterid\/wp-json\/wp\/v2\/comments?post=490"}],"version-history":[{"count":44,"href":"https:\/\/tiskreelamud.ee\/korterid\/wp-json\/wp\/v2\/pages\/490\/revisions"}],"predecessor-version":[{"id":1358,"href":"https:\/\/tiskreelamud.ee\/korterid\/wp-json\/wp\/v2\/pages\/490\/revisions\/1358"}],"wp:attachment":[{"href":"https:\/\/tiskreelamud.ee\/korterid\/wp-json\/wp\/v2\/media?parent=490"}],"curies":[{"name":"wp","href":"https:\/\/api.w.org\/{rel}","templated":true}]}}